{"id":1046,"date":"2025-02-12T17:52:06","date_gmt":"2025-02-12T17:52:06","guid":{"rendered":"https:\/\/www.campingsantin.it\/cookies-richtlinie\/"},"modified":"2025-03-01T09:33:57","modified_gmt":"2025-03-01T09:33:57","slug":"cookies-richtlinie","status":"publish","type":"page","link":"https:\/\/www.campingsantin.it\/de\/cookies-richtlinie\/","title":{"rendered":"Cookies-Richtlinie"},"content":{"rendered":"\t\t<div data-elementor-type=\"wp-page\" data-elementor-id=\"1046\" class=\"elementor elementor-1046 elementor-543\" data-elementor-post-type=\"page\">\n\t\t\t\t<div class=\"elementor-element elementor-element-30e8974 e-flex e-con-boxed e-con e-parent\" data-id=\"30e8974\" data-element_type=\"container\">\n\t\t\t\t\t<div class=\"e-con-inner\">\n\t\t\t\t<div class=\"elementor-element elementor-element-dfe5ef9 elementor-widget elementor-widget-text-editor\" data-id=\"dfe5ef9\" data-element_type=\"widget\" data-widget_type=\"text-editor.default\">\n\t\t\t\t<div class=\"elementor-widget-container\">\n\t\t\t\t\t\t\t\t\t<h1>Cookies-Richtlinie<\/h1><p>Diese Website verwendet Cookies, einschlie\u00dflich Cookies von Drittanbietern, um das Surferlebnis zu verbessern, den Surfern die Nutzung von Online-Diensten zu erm\u00f6glichen und die Navigation auf der Website zu \u00fcberwachen.<\/p><p>Wie Sie Cookies deaktivieren<\/p><p>Es ist m\u00f6glich, Cookies direkt \u00fcber den verwendeten Browser zu deaktivieren, indem Sie auf die Einstellungen (Pr\u00e4ferenzen oder Optionen) zugreifen: Diese Wahl kann einige Navigationsfunktionen der Website einschr\u00e4nken.<\/p><p>Cookies verwalten<\/p><p>Die auf dieser Website verwendeten Cookies k\u00f6nnen in die unten beschriebenen Kategorien fallen.<\/p><p>F\u00fcr den Betrieb unbedingt notwendige Aktivit\u00e4ten<\/p><p>Diese Cookies sind technischer Natur und erm\u00f6glichen das ordnungsgem\u00e4\u00dfe Funktionieren der Website. Sie sorgen zum Beispiel daf\u00fcr, dass der Benutzer beim Surfen angemeldet bleibt, indem sie verhindern, dass die Website den Benutzer dazu auffordert, sich mehrmals anzumelden, um auf nachfolgende Seiten zuzugreifen.<\/p><p>Speichern von Pr\u00e4ferenzen<\/p><p>Diese Cookies erm\u00f6glichen es, sich an die vom Benutzer beim Surfen gew\u00e4hlten Pr\u00e4ferenzen zu erinnern, z.B. erm\u00f6glichen sie es dem Benutzer, die Sprache einzustellen.<\/p><p>Statistische Aktivit\u00e4ten und Publikumsmessungen (z.B. Google Analytics)<\/p><p>Diese Cookies helfen uns, anhand von anonymen und aggregierten Daten zu verstehen, wie Benutzer mit der Website interagieren, indem sie Informationen \u00fcber die besuchten Bereiche, die auf der Website verbrachte Zeit und eventuelle Fehlfunktionen liefern. Dies tr\u00e4gt zur Verbesserung der Leistung der Website bei.<\/p><p>Cookies f\u00fcr soziale Medien (z.B. Facebook, Instagram)<\/p><p>Diese Drittanbieter-Cookies werden verwendet, um einige beliebte Social-Media-Funktionen zu integrieren und auf der Website bereitzustellen. Sie erm\u00f6glichen insbesondere die Registrierung und Authentifizierung auf der Website \u00fcber Facebook, Instagram und Google+, das Teilen und Kommentieren von Seiten der Website in sozialen Netzwerken und aktivieren die Funktionen &#8222;Gef\u00e4llt mir&#8220; auf Facebook, &#8222;Folgen&#8220; auf Instagram und &#8222;+1\u2033 auf G+.<\/p><p>Lieferanten von Drittanbietern<\/p><p>Drittanbieter, einschlie\u00dflich Google, verwenden Cookies, um Anzeigen zu schalten, die auf den fr\u00fcheren Besuchen eines Nutzers auf dieser Website basieren.<\/p><p>Die Verwendung von Werbe-Cookies erm\u00f6glicht es Google und seinen Partnern, Anzeigen f\u00fcr die Nutzer dieser Website (und anderer Websites) zu schalten, die auf statistischen Daten basieren, die auf dieser Website und auf den Websites von Google-Partnern gesammelt wurden.<\/p><p>Sie k\u00f6nnen die personalisierte Werbung deaktivieren, indem Sie die Seite Anzeigeneinstellungen besuchen.<\/p><p>Wenn Sie www.aboutads.info besuchen, k\u00f6nnen Sie die Cookies von Drittanbietern deaktivieren.<\/p>\t\t\t\t\t\t\t\t<\/div>\n\t\t\t\t<\/div>\n\t\t\t\t<div class=\"elementor-element elementor-element-8a1e0ec elementor-widget elementor-widget-spacer\" data-id=\"8a1e0ec\" data-element_type=\"widget\" data-widget_type=\"spacer.default\">\n\t\t\t\t<div class=\"elementor-widget-container\">\n\t\t\t\t\t\t\t<div class=\"elementor-spacer\">\n\t\t\t<div class=\"elementor-spacer-inner\"><\/div>\n\t\t<\/div>\n\t\t\t\t\t\t<\/div>\n\t\t\t\t<\/div>\n\t\t\t\t\t<\/div>\n\t\t\t\t<\/div>\n\t\t\t\t<\/div>\n\t\t","protected":false},"excerpt":{"rendered":"<p>Cookies-Richtlinie Diese Website verwendet Cookies, einschlie\u00dflich Cookies von Drittanbietern, um das Surferlebnis zu verbessern, den Surfern die Nutzung von Online-Diensten zu erm\u00f6glichen und die Navigation auf der Website zu \u00fcberwachen. Wie Sie Cookies deaktivieren Es ist m\u00f6glich, Cookies direkt \u00fcber den verwendeten Browser zu deaktivieren, indem Sie auf die Einstellungen (Pr\u00e4ferenzen oder Optionen) zugreifen: Diese [&hellip;]<\/p>\n","protected":false},"author":1,"featured_media":0,"parent":0,"menu_order":0,"comment_status":"closed","ping_status":"closed","template":"","meta":{"footnotes":""},"class_list":["post-1046","page","type-page","status-publish","hentry"],"_links":{"self":[{"href":"https:\/\/www.campingsantin.it\/de\/wp-json\/wp\/v2\/pages\/1046","targetHints":{"allow":["GET"]}}],"collection":[{"href":"https:\/\/www.campingsantin.it\/de\/wp-json\/wp\/v2\/pages"}],"about":[{"href":"https:\/\/www.campingsantin.it\/de\/wp-json\/wp\/v2\/types\/page"}],"author":[{"embeddable":true,"href":"https:\/\/www.campingsantin.it\/de\/wp-json\/wp\/v2\/users\/1"}],"replies":[{"embeddable":true,"href":"https:\/\/www.campingsantin.it\/de\/wp-json\/wp\/v2\/comments?post=1046"}],"version-history":[{"count":1,"href":"https:\/\/www.campingsantin.it\/de\/wp-json\/wp\/v2\/pages\/1046\/revisions"}],"predecessor-version":[{"id":1047,"href":"https:\/\/www.campingsantin.it\/de\/wp-json\/wp\/v2\/pages\/1046\/revisions\/1047"}],"wp:attachment":[{"href":"https:\/\/www.campingsantin.it\/de\/wp-json\/wp\/v2\/media?parent=1046"}],"curies":[{"name":"wp","href":"https:\/\/api.w.org\/{rel}","templated":true}]}}