{"id":1020,"date":"2025-02-12T17:28:33","date_gmt":"2025-02-12T17:28:33","guid":{"rendered":"https:\/\/www.campingsantin.it\/territorium\/"},"modified":"2025-03-01T09:24:35","modified_gmt":"2025-03-01T09:24:35","slug":"territorium","status":"publish","type":"page","link":"https:\/\/www.campingsantin.it\/de\/territorium\/","title":{"rendered":"Territorium"},"content":{"rendered":"\t\t<div data-elementor-type=\"wp-page\" data-elementor-id=\"1020\" class=\"elementor elementor-1020 elementor-463\" data-elementor-post-type=\"page\">\n\t\t\t\t<div class=\"elementor-element elementor-element-2955f91b e-flex e-con-boxed e-con e-parent\" data-id=\"2955f91b\" data-element_type=\"container\" data-settings=\"{&quot;background_background&quot;:&quot;classic&quot;}\">\n\t\t\t\t\t<div class=\"e-con-inner\">\n\t\t\t\t<div class=\"elementor-element elementor-element-6c64d568 elementor-widget elementor-widget-heading\" data-id=\"6c64d568\" data-element_type=\"widget\" data-widget_type=\"heading.default\">\n\t\t\t\t<div class=\"elementor-widget-container\">\n\t\t\t\t\t<h2 class=\"elementor-heading-title elementor-size-default\">Territorium<\/h2>\t\t\t\t<\/div>\n\t\t\t\t<\/div>\n\t\t\t\t<div class=\"elementor-element elementor-element-428aadba elementor-widget elementor-widget-heading\" data-id=\"428aadba\" data-element_type=\"widget\" data-widget_type=\"heading.default\">\n\t\t\t\t<div class=\"elementor-widget-container\">\n\t\t\t\t\t<h2 class=\"elementor-heading-title elementor-size-default\">Was gibt es im Urlaub in der N\u00e4he von Camping Santin zu sehen?<\/h2>\t\t\t\t<\/div>\n\t\t\t\t<\/div>\n\t\t\t\t<div class=\"elementor-element elementor-element-1b119b3c elementor-widget elementor-widget-spacer\" data-id=\"1b119b3c\" data-element_type=\"widget\" data-widget_type=\"spacer.default\">\n\t\t\t\t<div class=\"elementor-widget-container\">\n\t\t\t\t\t\t\t<div class=\"elementor-spacer\">\n\t\t\t<div class=\"elementor-spacer-inner\"><\/div>\n\t\t<\/div>\n\t\t\t\t\t\t<\/div>\n\t\t\t\t<\/div>\n\t\t\t\t\t<\/div>\n\t\t\t\t<\/div>\n\t\t<div class=\"elementor-element elementor-element-14d04da6 e-con-full e-flex e-con e-parent\" data-id=\"14d04da6\" data-element_type=\"container\">\n\t\t<div class=\"elementor-element elementor-element-4f1db010 e-con-full e-flex e-con e-child\" data-id=\"4f1db010\" data-element_type=\"container\">\n\t\t\t\t<div class=\"elementor-element elementor-element-37554284 elementor--h-position-center elementor--v-position-middle elementor-arrows-position-inside elementor-pagination-position-inside elementor-widget elementor-widget-slides\" data-id=\"37554284\" data-element_type=\"widget\" data-settings=\"{&quot;navigation&quot;:&quot;both&quot;,&quot;autoplay&quot;:&quot;yes&quot;,&quot;pause_on_interaction&quot;:&quot;yes&quot;,&quot;autoplay_speed&quot;:5000,&quot;infinite&quot;:&quot;yes&quot;,&quot;transition&quot;:&quot;slide&quot;,&quot;transition_speed&quot;:500}\" data-widget_type=\"slides.default\">\n\t\t\t\t<div class=\"elementor-widget-container\">\n\t\t\t\t\t\t\t\t\t<div class=\"elementor-swiper\">\n\t\t\t\t\t<div class=\"elementor-slides-wrapper elementor-main-swiper swiper\" role=\"region\" aria-roledescription=\"carousel\" aria-label=\"Slides\" dir=\"ltr\" data-animation=\"fadeInUp\">\n\t\t\t\t<div class=\"swiper-wrapper elementor-slides\">\n\t\t\t\t\t\t\t\t\t\t<div class=\"elementor-repeater-item-7e4646a swiper-slide\" role=\"group\" aria-roledescription=\"slide\"><div class=\"swiper-slide-bg\" role=\"img\" aria-label=\"venice\"><\/div><div class=\"swiper-slide-inner\" ><div class=\"swiper-slide-contents\"><\/div><\/div><\/div><div class=\"elementor-repeater-item-a847b05 swiper-slide\" role=\"group\" aria-roledescription=\"slide\"><div class=\"swiper-slide-bg\" role=\"img\" aria-label=\"burano\"><\/div><div class=\"swiper-slide-inner\" ><div class=\"swiper-slide-contents\"><\/div><\/div><\/div><div class=\"elementor-repeater-item-928158f swiper-slide\" role=\"group\" aria-roledescription=\"slide\"><div class=\"swiper-slide-bg\" role=\"img\" aria-label=\"laguna\"><\/div><div class=\"swiper-slide-inner\" ><div class=\"swiper-slide-contents\"><\/div><\/div><\/div><div class=\"elementor-repeater-item-1883589 swiper-slide\" role=\"group\" aria-roledescription=\"slide\"><div class=\"swiper-slide-bg\" role=\"img\" aria-label=\"torcello\"><\/div><div class=\"swiper-slide-inner\" ><div class=\"swiper-slide-contents\"><\/div><\/div><\/div>\t\t\t\t<\/div>\n\t\t\t\t\t\t\t\t\t\t\t\t\t\t\t<div class=\"elementor-swiper-button elementor-swiper-button-prev\" role=\"button\" tabindex=\"0\" aria-label=\"Vorheriger Slide\">\n\t\t\t\t\t\t\t<svg aria-hidden=\"true\" class=\"e-font-icon-svg e-eicon-chevron-left\" viewBox=\"0 0 1000 1000\" xmlns=\"http:\/\/www.w3.org\/2000\/svg\"><path d=\"M646 125C629 125 613 133 604 142L308 442C296 454 292 471 292 487 292 504 296 521 308 533L604 854C617 867 629 875 646 875 663 875 679 871 692 858 704 846 713 829 713 812 713 796 708 779 692 767L438 487 692 225C700 217 708 204 708 187 708 171 704 154 692 142 675 129 663 125 646 125Z\"><\/path><\/svg>\t\t\t\t\t\t<\/div>\n\t\t\t\t\t\t<div class=\"elementor-swiper-button elementor-swiper-button-next\" role=\"button\" tabindex=\"0\" aria-label=\"N\u00e4chster Slide\">\n\t\t\t\t\t\t\t<svg aria-hidden=\"true\" class=\"e-font-icon-svg e-eicon-chevron-right\" viewBox=\"0 0 1000 1000\" xmlns=\"http:\/\/www.w3.org\/2000\/svg\"><path d=\"M696 533C708 521 713 504 713 487 713 471 708 454 696 446L400 146C388 133 375 125 354 125 338 125 325 129 313 142 300 154 292 171 292 187 292 204 296 221 308 233L563 492 304 771C292 783 288 800 288 817 288 833 296 850 308 863 321 871 338 875 354 875 371 875 388 867 400 854L696 533Z\"><\/path><\/svg>\t\t\t\t\t\t<\/div>\n\t\t\t\t\t\t\t\t\t\t\t\t\t\t\t\t<div class=\"swiper-pagination\"><\/div>\n\t\t\t\t\t\t\t\t\t\t\t\t<\/div>\n\t\t\t\t<\/div>\n\t\t\t\t\t\t\t\t<\/div>\n\t\t\t\t<\/div>\n\t\t\t\t<\/div>\n\t\t<div class=\"elementor-element elementor-element-7204ae6f e-con-full e-flex e-con e-child\" data-id=\"7204ae6f\" data-element_type=\"container\">\n\t\t\t\t<div class=\"elementor-element elementor-element-241036f elementor-widget elementor-widget-heading\" data-id=\"241036f\" data-element_type=\"widget\" data-widget_type=\"heading.default\">\n\t\t\t\t<div class=\"elementor-widget-container\">\n\t\t\t\t\t<h2 class=\"elementor-heading-title elementor-size-default\">Venedig und andere Sch\u00f6nheiten sind gleich um die Ecke<\/h2>\t\t\t\t<\/div>\n\t\t\t\t<\/div>\n\t\t\t\t<div class=\"elementor-element elementor-element-6c4f1cb8 elementor-widget elementor-widget-text-editor\" data-id=\"6c4f1cb8\" data-element_type=\"widget\" data-widget_type=\"text-editor.default\">\n\t\t\t\t<div class=\"elementor-widget-container\">\n\t\t\t\t\t\t\t\t\t<p><b>Der Campingplatz Santin<\/b> in <b>Cavallino Treporti<\/b> ist <b>strategisch g\u00fcnstig gelegen<\/b>, denn er befindet sich <b>in der N\u00e4he von Jesolo und Venedig<\/b>. So k\u00f6nnen Sie einen Aufenthalt am Meer, in der Sonne und in der Entspannung mit <b>fabelhaften Ausfl\u00fcgen<\/b> zu den sch\u00f6nsten Orten der Umgebung verbinden.<br><b>Venedig und seine Inseln<\/b> wie das farbenfrohe Murano und Burano, <b>Torcello in San&#8217;Erasmo<\/b> und viele andere fantastische Orte erwarten Sie<br><br><b>Entdecken Sie <\/b> <b>Camping Santin inmitten von Natur, Geschichte, Tradition und Nachtleben!<\/b><br>Entdecken Sie die <b>Sch\u00f6nheit von Cavallino,<\/b> einem <b>Landstreifen, der sich zwischen zwei Wasserfl\u00e4chen erstreckt<\/b>: auf der einen Seite die Adria und auf der anderen die Lagune mit ihrem wilden und unber\u00fchrten Charme.<br><br><b>15 km einzigartige Naturlandschaft<\/b>, in der <b>zwei verschiedene \u00d6kosysteme nebeneinander existieren<\/b>: <b>Meer <\/b>und <b>Lagune <\/b>. Beim Wandern oder Radfahren in und um Cavallino k\u00f6nnen Sie eine einzigartige Landschaft bewundern, in der sich viele verschiedene Arten von Flora und Fauna vermischen. Neben der Natur werden Sie auch verschiedene <b>Architekturen<\/b> bewundern k\u00f6nnen, die von der <b>\u00f6sterreichischen Herrschaft<\/b> und den <b>Weltkriegen <\/b>zeugen, die die Geschichte dieser Gegend gepr\u00e4gt haben<b>.<\/b> <\/p>\t\t\t\t\t\t\t\t<\/div>\n\t\t\t\t<\/div>\n\t\t\t\t<\/div>\n\t\t\t\t<\/div>\n\t\t<div class=\"elementor-element elementor-element-55dfeb7 e-con-full e-flex e-con e-parent\" data-id=\"55dfeb7\" data-element_type=\"container\">\n\t\t<div class=\"elementor-element elementor-element-a6a9070 e-con-full e-flex e-con e-child\" data-id=\"a6a9070\" data-element_type=\"container\">\n\t\t\t\t<div class=\"elementor-element elementor-element-aba8489 elementor-widget elementor-widget-text-editor\" data-id=\"aba8489\" data-element_type=\"widget\" data-widget_type=\"text-editor.default\">\n\t\t\t\t<div class=\"elementor-widget-container\">\n\t\t\t\t\t\t\t\t\t<p>In der N\u00e4he unseres Dorfes haben Sie auch die M\u00f6glichkeit, das angenehme Nachtleben zu erleben, das sich vor allem auf die kleinen <b>Restaurants<\/b> konzentriert, in denen Sie <b>saftige<\/b> lokale <b>Fisch-<\/b> und <b>Gem\u00fcsegerichte<\/b> probieren k\u00f6nnen.<br><br>Um die Gerichte dieses Landes zu probieren, empfehlen wir einen Besuch im <b>Zentrum von C\u00e0 Savio<\/b>, wo es mehrere <b>Restaurants und Pizzerien gibt, die weniger als einen Kilometer<\/b> vom Camping Santin entfernt sind. <b>Jesolo<\/b>, etwa 15 Minuten mit dem Auto entfernt, bietet ebenfalls viele M\u00f6glichkeiten, traditionelle Aromen zu genie\u00dfen und einen angenehmen Abend zu verbringen. <br><br>W\u00e4hrend der Sommersaison finden in der Region <b>zahlreiche Veranstaltungen statt<\/b>, wie das <b>Festa dea Sparesea<\/b>, das dem Spargel gewidmet ist, der <b>Palio Remiero<\/b> oder die <b>Karnevalsparade<\/b> <b>im Juni<\/b> und die Veranstaltung <b>Beach on fire<\/b>, die sogar den Titel <b>&#8222;l\u00e4ngstes Feuerwerk der Welt&#8220;<\/b> gewonnen hat <b>.<\/b><br><br>Es gibt auch viele Orte von historischem und kulturellem Interesse zu besichtigen, hier eine Liste der bekanntesten in der Gegend:<\/p>\t\t\t\t\t\t\t\t<\/div>\n\t\t\t\t<\/div>\n\t\t<div class=\"elementor-element elementor-element-b6ab722 e-con-full e-flex e-con e-child\" data-id=\"b6ab722\" data-element_type=\"container\">\n\t\t<div class=\"elementor-element elementor-element-822dc5b e-con-full e-flex e-con e-child\" data-id=\"822dc5b\" data-element_type=\"container\">\n\t\t\t\t<div class=\"elementor-element elementor-element-034db48 elementor-widget elementor-widget-text-editor\" data-id=\"034db48\" data-element_type=\"widget\" data-widget_type=\"text-editor.default\">\n\t\t\t\t<div class=\"elementor-widget-container\">\n\t\t\t\t\t\t\t\t\t<ul class=\"lista-zero\"><li>Pisani Batterie<\/li><li>Museum der Via dei Forti<\/li><li>Kloster Le Mesole<\/li><li>Dorf von Lio Piccolo<\/li><li>Herrenhaus Zanella in Saccagnana<\/li><li>Leuchtturm von Piave Vecchia<\/li><\/ul>\t\t\t\t\t\t\t\t<\/div>\n\t\t\t\t<\/div>\n\t\t\t\t<\/div>\n\t\t<div class=\"elementor-element elementor-element-8ac55ac e-con-full e-flex e-con e-child\" data-id=\"8ac55ac\" data-element_type=\"container\">\n\t\t\t\t<div class=\"elementor-element elementor-element-5defc22 elementor-widget elementor-widget-text-editor\" data-id=\"5defc22\" data-element_type=\"widget\" data-widget_type=\"text-editor.default\">\n\t\t\t\t<div class=\"elementor-widget-container\">\n\t\t\t\t\t\t\t\t\t<ul class=\"lista-zero\"><li>Leuchtturm von Punta Sabbioni<\/li><li>Antica Osteria und die hydraulischen Gruben<\/li><li>Kirche der Heiligen Dreifaltigkeit<\/li><li>Alte Festung<\/li><li>Kirche St. Maria Elisabeth<\/li><\/ul>\t\t\t\t\t\t\t\t<\/div>\n\t\t\t\t<\/div>\n\t\t\t\t<\/div>\n\t\t\t\t<\/div>\n\t\t\t\t<\/div>\n\t\t<div class=\"elementor-element elementor-element-102c15e e-con-full e-flex e-con e-child\" data-id=\"102c15e\" data-element_type=\"container\">\n\t\t\t\t<div class=\"elementor-element elementor-element-362dace elementor--h-position-center elementor--v-position-middle elementor-arrows-position-inside elementor-pagination-position-inside elementor-widget elementor-widget-slides\" data-id=\"362dace\" data-element_type=\"widget\" data-settings=\"{&quot;navigation&quot;:&quot;both&quot;,&quot;autoplay&quot;:&quot;yes&quot;,&quot;pause_on_interaction&quot;:&quot;yes&quot;,&quot;autoplay_speed&quot;:5000,&quot;infinite&quot;:&quot;yes&quot;,&quot;transition&quot;:&quot;slide&quot;,&quot;transition_speed&quot;:500}\" data-widget_type=\"slides.default\">\n\t\t\t\t<div class=\"elementor-widget-container\">\n\t\t\t\t\t\t\t\t\t<div class=\"elementor-swiper\">\n\t\t\t\t\t<div class=\"elementor-slides-wrapper elementor-main-swiper swiper\" role=\"region\" aria-roledescription=\"carousel\" aria-label=\"Slides\" dir=\"ltr\" data-animation=\"fadeInUp\">\n\t\t\t\t<div class=\"swiper-wrapper elementor-slides\">\n\t\t\t\t\t\t\t\t\t\t<div class=\"elementor-repeater-item-a847b05 swiper-slide\" role=\"group\" aria-roledescription=\"slide\"><div class=\"swiper-slide-bg\" role=\"img\" aria-label=\"spaghetti-con-le-vongole-veraci-725x545\"><\/div><div class=\"swiper-slide-inner\" ><div class=\"swiper-slide-contents\"><\/div><\/div><\/div>\t\t\t\t<\/div>\n\t\t\t\t\t\t\t<\/div>\n\t\t\t\t<\/div>\n\t\t\t\t\t\t\t\t<\/div>\n\t\t\t\t<\/div>\n\t\t\t\t<\/div>\n\t\t\t\t<\/div>\n\t\t\t\t<\/div>\n\t\t","protected":false},"excerpt":{"rendered":"<p>Territorium Was gibt es im Urlaub in der N\u00e4he von Camping Santin zu sehen? Venedig und andere Sch\u00f6nheiten sind gleich um die Ecke Der Campingplatz Santin in Cavallino Treporti ist strategisch g\u00fcnstig gelegen, denn er befindet sich in der N\u00e4he von Jesolo und Venedig. So k\u00f6nnen Sie einen Aufenthalt am Meer, in der Sonne und [&hellip;]<\/p>\n","protected":false},"author":1,"featured_media":0,"parent":0,"menu_order":0,"comment_status":"closed","ping_status":"closed","template":"","meta":{"footnotes":""},"class_list":["post-1020","page","type-page","status-publish","hentry"],"_links":{"self":[{"href":"https:\/\/www.campingsantin.it\/de\/wp-json\/wp\/v2\/pages\/1020","targetHints":{"allow":["GET"]}}],"collection":[{"href":"https:\/\/www.campingsantin.it\/de\/wp-json\/wp\/v2\/pages"}],"about":[{"href":"https:\/\/www.campingsantin.it\/de\/wp-json\/wp\/v2\/types\/page"}],"author":[{"embeddable":true,"href":"https:\/\/www.campingsantin.it\/de\/wp-json\/wp\/v2\/users\/1"}],"replies":[{"embeddable":true,"href":"https:\/\/www.campingsantin.it\/de\/wp-json\/wp\/v2\/comments?post=1020"}],"version-history":[{"count":1,"href":"https:\/\/www.campingsantin.it\/de\/wp-json\/wp\/v2\/pages\/1020\/revisions"}],"predecessor-version":[{"id":1021,"href":"https:\/\/www.campingsantin.it\/de\/wp-json\/wp\/v2\/pages\/1020\/revisions\/1021"}],"wp:attachment":[{"href":"https:\/\/www.campingsantin.it\/de\/wp-json\/wp\/v2\/media?parent=1020"}],"curies":[{"name":"wp","href":"https:\/\/api.w.org\/{rel}","templated":true}]}}